{"id":295,"date":"2025-06-17T10:21:40","date_gmt":"2025-06-17T10:21:40","guid":{"rendered":"https:\/\/tan-starling-510496.hostingersite.com\/?page_id=295"},"modified":"2026-01-06T14:28:22","modified_gmt":"2026-01-06T14:28:22","slug":"nous-contacter","status":"publish","type":"page","link":"https:\/\/camsformation.com\/?page_id=295","title":{"rendered":"\u00c0 propos"},"content":{"rendered":"\t\t<div data-elementor-type=\"wp-page\" data-elementor-id=\"295\" class=\"elementor elementor-295\" data-elementor-post-type=\"page\">\n\t\t\t\t\t\t<section class=\"elementor-section elementor-top-section elementor-element elementor-element-27924b08 elementor-section-height-min-height elementor-section-boxed elementor-section-height-default elementor-section-items-middle\" data-id=\"27924b08\" data-element_type=\"section\" data-settings=\"{&quot;background_background&quot;:&quot;classic&quot;}\">\n\t\t\t\t\t\t<div class=\"elementor-container elementor-column-gap-default\">\n\t\t\t\t\t<div class=\"elementor-column elementor-col-100 elementor-top-column elementor-element elementor-element-2ae1f9\" data-id=\"2ae1f9\" data-element_type=\"column\" data-settings=\"{&quot;background_background&quot;:&quot;gradient&quot;}\">\n\t\t\t<div class=\"elementor-widget-wrap elementor-element-populated\">\n\t\t\t\t\t<div class=\"elementor-background-overlay\"><\/div>\n\t\t\t\t\t\t<section class=\"elementor-section elementor-inner-section elementor-element elementor-element-55648af1 elementor-section-boxed elementor-section-height-default elementor-section-height-default\" data-id=\"55648af1\" data-element_type=\"section\">\n\t\t\t\t\t\t<div class=\"elementor-container elementor-column-gap-default\">\n\t\t\t\t\t<div class=\"elementor-column elementor-col-50 elementor-inner-column elementor-element elementor-element-50b85bcb\" data-id=\"50b85bcb\" data-element_type=\"column\">\n\t\t\t<div class=\"elementor-widget-wrap elementor-element-populated\">\n\t\t\t\t\t\t<div class=\"elementor-element elementor-element-5ec4353d elementor-widget__width-auto elementor-icon-list--layout-traditional elementor-list-item-link-full_width elementor-widget elementor-widget-icon-list\" data-id=\"5ec4353d\" data-element_type=\"widget\" data-widget_type=\"icon-list.default\">\n\t\t\t\t<div class=\"elementor-widget-container\">\n\t\t\t\t\t\t\t<ul class=\"elementor-icon-list-items\">\n\t\t\t\t\t\t\t<li class=\"elementor-icon-list-item\">\n\t\t\t\t\t\t\t\t\t\t\t<span class=\"elementor-icon-list-icon\">\n\t\t\t\t\t\t\t<i aria-hidden=\"true\" class=\"icon icon-open-book\"><\/i>\t\t\t\t\t\t<\/span>\n\t\t\t\t\t\t\t\t\t\t<span class=\"elementor-icon-list-text\">CAMS FORMATION<\/span>\n\t\t\t\t\t\t\t\t\t<\/li>\n\t\t\t\t\t\t<\/ul>\n\t\t\t\t\t\t<\/div>\n\t\t\t\t<\/div>\n\t\t\t\t<div class=\"elementor-element elementor-element-69c5e244 animated-slow elementor-invisible elementor-widget elementor-widget-elementskit-heading\" data-id=\"69c5e244\" data-element_type=\"widget\" data-settings=\"{&quot;_animation&quot;:&quot;fadeInDown&quot;}\" data-widget_type=\"elementskit-heading.default\">\n\t\t\t\t<div class=\"elementor-widget-container\">\n\t\t\t\t\t<div class=\"ekit-wid-con\" ><div class=\"ekit-heading elementskit-section-title-wraper text_left   ekit_heading_tablet-text_center   ekit_heading_mobile-text_center\"><h1 class=\"ekit-heading--title elementskit-section-title \">Notre <span><span>mission.<\/span><\/span><\/h1><\/div><\/div>\t\t\t\t<\/div>\n\t\t\t\t<\/div>\n\t\t\t\t\t<\/div>\n\t\t<\/div>\n\t\t\t\t<div class=\"elementor-column elementor-col-50 elementor-inner-column elementor-element elementor-element-7a6036df\" data-id=\"7a6036df\" data-element_type=\"column\">\n\t\t\t<div class=\"elementor-widget-wrap elementor-element-populated\">\n\t\t\t\t\t\t<div class=\"elementor-element elementor-element-60a398a2 animated-slow elementor-invisible elementor-widget elementor-widget-image\" data-id=\"60a398a2\" data-element_type=\"widget\" data-settings=\"{&quot;_animation&quot;:&quot;fadeIn&quot;}\" data-widget_type=\"image.default\">\n\t\t\t\t<div class=\"elementor-widget-container\">\n\t\t\t\t\t\t\t\t\t\t\t\t\t\t\t<img fetchpriority=\"high\" decoding=\"async\" width=\"818\" height=\"1239\" src=\"https:\/\/camsformation.com\/wp-content\/uploads\/2025\/06\/cover-3.png\" class=\"attachment-full size-full wp-image-28\" alt=\"\" srcset=\"https:\/\/camsformation.com\/wp-content\/uploads\/2025\/06\/cover-3.png 818w, https:\/\/camsformation.com\/wp-content\/uploads\/2025\/06\/cover-3-600x909.png 600w, https:\/\/camsformation.com\/wp-content\/uploads\/2025\/06\/cover-3-198x300.png 198w, https:\/\/camsformation.com\/wp-content\/uploads\/2025\/06\/cover-3-676x1024.png 676w, https:\/\/camsformation.com\/wp-content\/uploads\/2025\/06\/cover-3-768x1163.png 768w\" sizes=\"(max-width: 818px) 100vw, 818px\" \/>\t\t\t\t\t\t\t\t\t\t\t\t\t\t\t<\/div>\n\t\t\t\t<\/div>\n\t\t\t\t<div class=\"elementor-element elementor-element-771b54cc elementor-widget__width-initial elementor-absolute elementor-widget-tablet__width-initial elementor-widget elementor-widget-image\" data-id=\"771b54cc\" data-element_type=\"widget\" data-settings=\"{&quot;_position&quot;:&quot;absolute&quot;}\" data-widget_type=\"image.default\">\n\t\t\t\t<div class=\"elementor-widget-container\">\n\t\t\t\t\t\t\t\t\t\t\t\t\t\t\t<img decoding=\"async\" width=\"300\" height=\"272\" src=\"https:\/\/camsformation.com\/wp-content\/uploads\/2025\/06\/cover-2.png\" class=\"attachment-large size-large wp-image-10\" alt=\"\" \/>\t\t\t\t\t\t\t\t\t\t\t\t\t\t\t<\/div>\n\t\t\t\t<\/div>\n\t\t\t\t\t<\/div>\n\t\t<\/div>\n\t\t\t\t\t<\/div>\n\t\t<\/section>\n\t\t\t\t\t<\/div>\n\t\t<\/div>\n\t\t\t\t\t<\/div>\n\t\t<\/section>\n\t\t\t\t<section class=\"elementor-section elementor-top-section elementor-element elementor-element-79a2fee9 elementor-section-boxed elementor-section-height-default elementor-section-height-default\" data-id=\"79a2fee9\" data-element_type=\"section\" data-settings=\"{&quot;background_background&quot;:&quot;classic&quot;}\">\n\t\t\t\t\t\t<div class=\"elementor-container elementor-column-gap-default\">\n\t\t\t\t\t<div class=\"elementor-column elementor-col-100 elementor-top-column elementor-element elementor-element-4a7835ca\" data-id=\"4a7835ca\" data-element_type=\"column\">\n\t\t\t<div class=\"elementor-widget-wrap elementor-element-populated\">\n\t\t\t\t\t\t<div class=\"elementor-element elementor-element-16c0715 animated-slow elementor-invisible elementor-widget elementor-widget-elementskit-heading\" data-id=\"16c0715\" data-element_type=\"widget\" data-settings=\"{&quot;_animation&quot;:&quot;fadeInDown&quot;}\" data-widget_type=\"elementskit-heading.default\">\n\t\t\t\t<div class=\"elementor-widget-container\">\n\t\t\t\t\t<div class=\"ekit-wid-con\" ><div class=\"ekit-heading elementskit-section-title-wraper text_center   ekit_heading_tablet-   ekit_heading_mobile-text_center\"><h2 class=\"ekit-heading--title elementskit-section-title \"><span><span>\u00c0 PROPOS DE NOUS<\/span><\/span> <\/h2><\/div><\/div>\t\t\t\t<\/div>\n\t\t\t\t<\/div>\n\t\t\t\t\t<\/div>\n\t\t<\/div>\n\t\t\t\t\t<\/div>\n\t\t<\/section>\n\t\t\t\t<section class=\"elementor-section elementor-top-section elementor-element elementor-element-3023dffb elementor-section-boxed elementor-section-height-default elementor-section-height-default\" data-id=\"3023dffb\" data-element_type=\"section\" data-settings=\"{&quot;background_background&quot;:&quot;classic&quot;}\">\n\t\t\t\t\t\t<div class=\"elementor-container elementor-column-gap-default\">\n\t\t\t\t\t<div class=\"elementor-column elementor-col-100 elementor-top-column elementor-element elementor-element-449e576a\" data-id=\"449e576a\" data-element_type=\"column\">\n\t\t\t<div class=\"elementor-widget-wrap elementor-element-populated\">\n\t\t\t\t\t\t<div class=\"elementor-element elementor-element-46fd5ec0 elementor-widget elementor-widget-heading\" data-id=\"46fd5ec0\" data-element_type=\"widget\" data-widget_type=\"heading.default\">\n\t\t\t\t<div class=\"elementor-widget-container\">\n\t\t\t\t\t<h4 class=\"elementor-heading-title elementor-size-default\">\ud83c\udfaf Notre mission<\/h4>\t\t\t\t<\/div>\n\t\t\t\t<\/div>\n\t\t\t\t<div class=\"elementor-element elementor-element-2296534a elementor-widget elementor-widget-text-editor\" data-id=\"2296534a\" data-element_type=\"widget\" data-widget_type=\"text-editor.default\">\n\t\t\t\t<div class=\"elementor-widget-container\">\n\t\t\t\t\t\t\t\t\t<p>Notre mission est claire : <strong data-start=\"227\" data-end=\"347\">offrir \u00e0 chacun la possibilit\u00e9 de se former aux m\u00e9tiers du digital, en ligne, \u00e0 son rythme et sans barri\u00e8re d\u2019entr\u00e9e<\/strong>. Que vous soyez en reconversion, en recherche d\u2019un premier emploi ou simplement curieux de monter en comp\u00e9tences, nous avons con\u00e7u des parcours accessibles, progressifs et concrets pour vous accompagner du niveau d\u00e9butant \u00e0 l\u2019autonomie professionnelle.<\/p>\t\t\t\t\t\t\t\t<\/div>\n\t\t\t\t<\/div>\n\t\t\t\t<div class=\"elementor-element elementor-element-58abfff elementor-widget elementor-widget-heading\" data-id=\"58abfff\" data-element_type=\"widget\" data-widget_type=\"heading.default\">\n\t\t\t\t<div class=\"elementor-widget-container\">\n\t\t\t\t\t<h4 class=\"elementor-heading-title elementor-size-default\">\ud83d\udca1 Notre vision<\/h4>\t\t\t\t<\/div>\n\t\t\t\t<\/div>\n\t\t\t\t<div class=\"elementor-element elementor-element-30137ba elementor-widget elementor-widget-text-editor\" data-id=\"30137ba\" data-element_type=\"widget\" data-widget_type=\"text-editor.default\">\n\t\t\t\t<div class=\"elementor-widget-container\">\n\t\t\t\t\t\t\t\t\t<p>Nous croyons en un monde o\u00f9 <strong data-start=\"656\" data-end=\"734\">l\u2019\u00e9ducation ne d\u00e9pend ni d\u2019un lieu, ni d\u2019un dipl\u00f4me, ni d\u2019un parcours type<\/strong>. Apprendre \u00e0 coder, lancer un projet web, ma\u00eetriser le SEO ou cr\u00e9er une application mobile ne devrait pas \u00eatre r\u00e9serv\u00e9 \u00e0 une \u00e9lite. Gr\u00e2ce \u00e0 des outils modernes, des formats flexibles et un accompagnement humain, nous d\u00e9mocratisons l\u2019acc\u00e8s aux comp\u00e9tences num\u00e9riques les plus demand\u00e9es.\u00a0progressifs et concrets pour vous accompagner du niveau d\u00e9butant \u00e0 l\u2019autonomie professionnelle.<\/p>\t\t\t\t\t\t\t\t<\/div>\n\t\t\t\t<\/div>\n\t\t\t\t<div class=\"elementor-element elementor-element-cad3e7a elementor-widget elementor-widget-heading\" data-id=\"cad3e7a\" data-element_type=\"widget\" data-widget_type=\"heading.default\">\n\t\t\t\t<div class=\"elementor-widget-container\">\n\t\t\t\t\t<h4 class=\"elementor-heading-title elementor-size-default\">\ud83e\udded Nos valeurs<\/h4>\t\t\t\t<\/div>\n\t\t\t\t<\/div>\n\t\t\t\t<div class=\"elementor-element elementor-element-8ee47f0 elementor-widget elementor-widget-text-editor\" data-id=\"8ee47f0\" data-element_type=\"widget\" data-widget_type=\"text-editor.default\">\n\t\t\t\t<div class=\"elementor-widget-container\">\n\t\t\t\t\t\t\t\t\t<ul data-start=\"1047\" data-end=\"1558\"><li data-start=\"1047\" data-end=\"1146\"><p data-start=\"1049\" data-end=\"1146\"><strong data-start=\"1049\" data-end=\"1066\">Accessibilit\u00e9<\/strong> : apprendre doit \u00eatre possible pour tous, \u00e0 tout moment, depuis n\u2019importe o\u00f9.<\/p><\/li><li data-start=\"1147\" data-end=\"1258\"><p data-start=\"1149\" data-end=\"1258\"><strong data-start=\"1149\" data-end=\"1173\">Exigence p\u00e9dagogique<\/strong> : chaque contenu est pens\u00e9 pour \u00eatre clair, structur\u00e9 et imm\u00e9diatement applicable.<\/p><\/li><li data-start=\"1259\" data-end=\"1363\"><p data-start=\"1261\" data-end=\"1363\"><strong data-start=\"1261\" data-end=\"1274\">Autonomie<\/strong> : nous vous donnons les cl\u00e9s pour apprendre efficacement et progresser \u00e0 votre rythme.<\/p><\/li><li data-start=\"1364\" data-end=\"1470\"><p data-start=\"1366\" data-end=\"1470\"><strong data-start=\"1366\" data-end=\"1379\">Confiance<\/strong> : nos formations sont bas\u00e9es sur la transparence, des retours honn\u00eates et un vrai suivi.<\/p><\/li><li data-start=\"1471\" data-end=\"1558\"><p data-start=\"1473\" data-end=\"1558\"><strong data-start=\"1473\" data-end=\"1483\">Impact<\/strong> : notre but est de vous rendre <strong data-start=\"1515\" data-end=\"1535\">op\u00e9rationnel(le)<\/strong>, pas juste inform\u00e9(e).<\/p><\/li><\/ul>\t\t\t\t\t\t\t\t<\/div>\n\t\t\t\t<\/div>\n\t\t\t\t<div class=\"elementor-element elementor-element-6b30b4d elementor-widget elementor-widget-heading\" data-id=\"6b30b4d\" data-element_type=\"widget\" data-widget_type=\"heading.default\">\n\t\t\t\t<div class=\"elementor-widget-container\">\n\t\t\t\t\t<h4 class=\"elementor-heading-title elementor-size-default\">\ud83e\udd1d Notre approche\n<\/h4>\t\t\t\t<\/div>\n\t\t\t\t<\/div>\n\t\t\t\t<div class=\"elementor-element elementor-element-bb464ea elementor-widget elementor-widget-text-editor\" data-id=\"bb464ea\" data-element_type=\"widget\" data-widget_type=\"text-editor.default\">\n\t\t\t\t<div class=\"elementor-widget-container\">\n\t\t\t\t\t\t\t\t\t<p data-start=\"1588\" data-end=\"1965\">Nous combinons <strong data-start=\"1603\" data-end=\"1626\">contenus de qualit\u00e9<\/strong>, <strong data-start=\"1628\" data-end=\"1650\">pratique intensive<\/strong>, et <strong data-start=\"1655\" data-end=\"1680\">accompagnement humain<\/strong>. Nos formations sont con\u00e7ues par des professionnels du terrain et ax\u00e9es sur des <strong data-start=\"1761\" data-end=\"1781\">projets concrets<\/strong>, pour vous permettre d&rsquo;apprendre en faisant. Chaque apprenant peut \u00e9voluer \u00e0 son rythme, tout en \u00e9tant soutenu par une <strong data-start=\"1901\" data-end=\"1929\">communaut\u00e9 bienveillante<\/strong> et, selon l\u2019offre, un mentor d\u00e9di\u00e9.<\/p>\t\t\t\t\t\t\t\t<\/div>\n\t\t\t\t<\/div>\n\t\t\t\t<div class=\"elementor-element elementor-element-f5ac842 elementor-widget elementor-widget-heading\" data-id=\"f5ac842\" data-element_type=\"widget\" data-widget_type=\"heading.default\">\n\t\t\t\t<div class=\"elementor-widget-container\">\n\t\t\t\t\t<h4 class=\"elementor-heading-title elementor-size-default\">\ud83c\udf0d Notre ambition\n<\/h4>\t\t\t\t<\/div>\n\t\t\t\t<\/div>\n\t\t\t\t<div class=\"elementor-element elementor-element-3f0dc6d elementor-widget elementor-widget-text-editor\" data-id=\"3f0dc6d\" data-element_type=\"widget\" data-widget_type=\"text-editor.default\">\n\t\t\t\t<div class=\"elementor-widget-container\">\n\t\t\t\t\t\t\t\t\t<p>Nous voulons contribuer \u00e0 une nouvelle g\u00e9n\u00e9ration de professionnels du digital, <strong data-start=\"2075\" data-end=\"2122\">form\u00e9s de mani\u00e8re agile, rapide et efficace<\/strong>, et capables d\u2019\u00e9voluer dans un march\u00e9 en constante mutation. En construisant des formations ancr\u00e9es dans la r\u00e9alit\u00e9 des m\u00e9tiers, nous vous aidons \u00e0 trouver plus qu\u2019une comp\u00e9tence : un nouveau d\u00e9part.<\/p>\t\t\t\t\t\t\t\t<\/div>\n\t\t\t\t<\/div>\n\t\t\t\t\t<\/div>\n\t\t<\/div>\n\t\t\t\t\t<\/div>\n\t\t<\/section>\n\t\t\t\t<section class=\"elementor-section elementor-top-section elementor-element elementor-element-5c5b6e22 elementor-section-boxed elementor-section-height-default elementor-section-height-default\" data-id=\"5c5b6e22\" data-element_type=\"section\" data-settings=\"{&quot;background_background&quot;:&quot;classic&quot;}\">\n\t\t\t\t\t\t<div class=\"elementor-container elementor-column-gap-default\">\n\t\t\t\t\t<div class=\"elementor-column elementor-col-100 elementor-top-column elementor-element elementor-element-47b412d8\" data-id=\"47b412d8\" data-element_type=\"column\" data-settings=\"{&quot;background_background&quot;:&quot;gradient&quot;}\">\n\t\t\t<div class=\"elementor-widget-wrap elementor-element-populated\">\n\t\t\t\t\t<div class=\"elementor-background-overlay\"><\/div>\n\t\t\t\t\t\t<section class=\"elementor-section elementor-inner-section elementor-element elementor-element-5477ead5 elementor-section-boxed elementor-section-height-default elementor-section-height-default\" data-id=\"5477ead5\" data-element_type=\"section\">\n\t\t\t\t\t\t<div class=\"elementor-container elementor-column-gap-default\">\n\t\t\t\t\t<div class=\"elementor-column elementor-col-100 elementor-inner-column elementor-element elementor-element-15f7e45e\" data-id=\"15f7e45e\" data-element_type=\"column\">\n\t\t\t<div class=\"elementor-widget-wrap elementor-element-populated\">\n\t\t\t\t\t\t<div class=\"elementor-element elementor-element-6e262716 elementor-widget elementor-widget-image\" data-id=\"6e262716\" data-element_type=\"widget\" data-settings=\"{&quot;motion_fx_motion_fx_mouse&quot;:&quot;yes&quot;,&quot;motion_fx_tilt_effect&quot;:&quot;yes&quot;,&quot;motion_fx_tilt_speed&quot;:{&quot;unit&quot;:&quot;px&quot;,&quot;size&quot;:1.2,&quot;sizes&quot;:[]}}\" data-widget_type=\"image.default\">\n\t\t\t\t<div class=\"elementor-widget-container\">\n\t\t\t\t\t\t\t\t\t\t\t\t\t\t\t<img decoding=\"async\" width=\"800\" height=\"604\" src=\"https:\/\/camsformation.com\/wp-content\/uploads\/2025\/06\/cover-1-1024x773.png\" class=\"attachment-large size-large wp-image-24\" alt=\"\" srcset=\"https:\/\/camsformation.com\/wp-content\/uploads\/2025\/06\/cover-1-1024x773.png 1024w, https:\/\/camsformation.com\/wp-content\/uploads\/2025\/06\/cover-1-600x453.png 600w, https:\/\/camsformation.com\/wp-content\/uploads\/2025\/06\/cover-1-300x226.png 300w, https:\/\/camsformation.com\/wp-content\/uploads\/2025\/06\/cover-1-768x580.png 768w, https:\/\/camsformation.com\/wp-content\/uploads\/2025\/06\/cover-1-1536x1159.png 1536w, https:\/\/camsformation.com\/wp-content\/uploads\/2025\/06\/cover-1.png 1642w\" sizes=\"(max-width: 800px) 100vw, 800px\" \/>\t\t\t\t\t\t\t\t\t\t\t\t\t\t\t<\/div>\n\t\t\t\t<\/div>\n\t\t\t\t<div class=\"elementor-element elementor-element-164bffc9 animated-slow elementor-invisible elementor-widget elementor-widget-elementskit-heading\" data-id=\"164bffc9\" data-element_type=\"widget\" data-settings=\"{&quot;_animation&quot;:&quot;fadeInDown&quot;}\" data-widget_type=\"elementskit-heading.default\">\n\t\t\t\t<div class=\"elementor-widget-container\">\n\t\t\t\t\t<div class=\"ekit-wid-con\" ><div class=\"ekit-heading elementskit-section-title-wraper text_center   ekit_heading_tablet-   ekit_heading_mobile-text_center\"><h2 class=\"ekit-heading--title elementskit-section-title \"><span><span>Merci<\/span><\/span> pour <br> votre confiance.<\/h2><\/div><\/div>\t\t\t\t<\/div>\n\t\t\t\t<\/div>\n\t\t\t\t\t<\/div>\n\t\t<\/div>\n\t\t\t\t\t<\/div>\n\t\t<\/section>\n\t\t\t\t\t<\/div>\n\t\t<\/div>\n\t\t\t\t\t<\/div>\n\t\t<\/section>\n\t\t\t\t<\/div>\n\t\t","protected":false},"excerpt":{"rendered":"<p>CAMS FORMATION Notre mission. \u00c0 PROPOS DE NOUS \ud83c\udfaf Notre mission Notre mission est claire : offrir \u00e0 chacun la possibilit\u00e9 de se former aux m\u00e9tiers du digital, en ligne, \u00e0 son rythme et sans barri\u00e8re d\u2019entr\u00e9e. Que vous soyez en reconversion, en recherche d\u2019un premier emploi ou simplement curieux de monter en comp\u00e9tences, nous [&hellip;]<\/p>\n","protected":false},"author":1,"featured_media":0,"parent":0,"menu_order":0,"comment_status":"closed","ping_status":"closed","template":"elementor_header_footer","meta":{"footnotes":""},"class_list":["post-295","page","type-page","status-publish","hentry"],"_links":{"self":[{"href":"https:\/\/camsformation.com\/index.php?rest_route=\/wp\/v2\/pages\/295","targetHints":{"allow":["GET"]}}],"collection":[{"href":"https:\/\/camsformation.com\/index.php?rest_route=\/wp\/v2\/pages"}],"about":[{"href":"https:\/\/camsformation.com\/index.php?rest_route=\/wp\/v2\/types\/page"}],"author":[{"embeddable":true,"href":"https:\/\/camsformation.com\/index.php?rest_route=\/wp\/v2\/users\/1"}],"replies":[{"embeddable":true,"href":"https:\/\/camsformation.com\/index.php?rest_route=%2Fwp%2Fv2%2Fcomments&post=295"}],"version-history":[{"count":14,"href":"https:\/\/camsformation.com\/index.php?rest_route=\/wp\/v2\/pages\/295\/revisions"}],"predecessor-version":[{"id":550,"href":"https:\/\/camsformation.com\/index.php?rest_route=\/wp\/v2\/pages\/295\/revisions\/550"}],"wp:attachment":[{"href":"https:\/\/camsformation.com\/index.php?rest_route=%2Fwp%2Fv2%2Fmedia&parent=295"}],"curies":[{"name":"wp","href":"https:\/\/api.w.org\/{rel}","templated":true}]}}